{"id":758,"date":"2021-04-20T14:21:03","date_gmt":"2021-04-20T12:21:03","guid":{"rendered":"https:\/\/bwazur.novaresa.website\/?page_id=758"},"modified":"2021-11-08T10:59:21","modified_gmt":"2021-11-08T09:59:21","slug":"restaurant","status":"publish","type":"page","link":"https:\/\/www.hotel-antibes-riviera.fr\/en\/bw-azur\/restaurant\/","title":{"rendered":"Restaurant"},"content":{"rendered":"[vc_row type=&#8221;full_width_background&#8221; full_screen_row_position=&#8221;middle&#8221; bg_image=&#8221;656&#8243; bg_position=&#8221;left top&#8221; bg_repeat=&#8221;no-repeat&#8221; scene_position=&#8221;center&#8221; text_color=&#8221;light&#8221; text_align=&#8221;left&#8221; top_padding=&#8221;100&#8243; bottom_padding=&#8221;100&#8243; color_overlay=&#8221;#0a0a0a&#8221; overlay_strength=&#8221;0.5&#8243; shape_divider_position=&#8221;bottom&#8221; exclude_row_header_color_inherit=&#8221;true&#8221; shape_type=&#8221;&#8221;][vc_column column_padding=&#8221;no-extra-padding&#8221; column_padding_position=&#8221;all&#8221; background_color_opacity=&#8221;1&#8243; background_hover_color_opacity=&#8221;1&#8243; column_shadow=&#8221;none&#8221; column_border_radius=&#8221;none&#8221; el_class=&#8221;rest_row_2&#8243; width=&#8221;1\/3&#8243; tablet_text_alignment=&#8221;default&#8221; phone_text_alignment=&#8221;default&#8221; column_border_width=&#8221;none&#8221; column_border_style=&#8221;solid&#8221;][image_with_animation image_url=&#8221;945&#8243; alignment=&#8221;right&#8221; animation=&#8221;Fade In From Right&#8221; img_link_large=&#8221;yes&#8221; border_radius=&#8221;none&#8221; box_shadow=&#8221;none&#8221; max_width=&#8221;100%&#8221; delay=&#8221;100&#8243;][image_with_animation image_url=&#8221;950&#8243; alignment=&#8221;right&#8221; animation=&#8221;Fade In From Right&#8221; img_link_large=&#8221;yes&#8221; border_radius=&#8221;none&#8221; box_shadow=&#8221;none&#8221; max_width=&#8221;100%&#8221; delay=&#8221;100&#8243;][image_with_animation image_url=&#8221;938&#8243; alignment=&#8221;right&#8221; animation=&#8221;Fade In From Right&#8221; img_link_large=&#8221;yes&#8221; border_radius=&#8221;none&#8221; box_shadow=&#8221;none&#8221; max_width=&#8221;100%&#8221; delay=&#8221;100&#8243;][\/vc_column][vc_column column_padding=&#8221;padding-2-percent&#8221; column_padding_position=&#8221;all&#8221; background_color=&#8221;#0a0a0a&#8221; background_color_opacity=&#8221;0.6&#8243; background_hover_color_opacity=&#8221;1&#8243; font_color=&#8221;#444444&#8243; column_shadow=&#8221;none&#8221; column_border_radius=&#8221;none&#8221; el_class=&#8221;rest_row&#8221; width=&#8221;2\/3&#8243; tablet_text_alignment=&#8221;default&#8221; phone_text_alignment=&#8221;default&#8221; column_border_width=&#8221;none&#8221; column_border_style=&#8221;solid&#8221;][vc_column_text css=&#8221;.vc_custom_1636365419567{margin-bottom: 50px !important;}&#8221;]\n<h2>RESTAURANT<\/h2>\n<p>&nbsp;<\/p>\n<p>In the hotel\u2019s dining room, or on the terrace, each day in our hotel in Antibes begins with a generous buffet breakfast. On the menu, sweet and savory dishes, fresh squeezed fruit, hot beverages, and local products, which will satisfy all gourmets. Our meals are served in the restaurant, in your room or on the terrace.[\/vc_column_text][vc_column_text el_class=&#8221;menu-bw&#8221;]\n<p style=\"text-align: center;\"><strong><u>Starters<\/u><\/strong><\/p>\n<p style=\"text-align: center;\">Typical Proven\u00e7al \u2018Favouilles\u2019 bisque (crab soup)<\/p>\n<p style=\"text-align: center;\">Seasonal vegetable soup<\/p>\n<p style=\"text-align: center;\">\u2018Sun-kissed\u2019 vegetable pie<\/p>\n<p style=\"text-align: center;\">Fresh salmon tartare with citrus fruits<\/p>\n<p style=\"text-align: center;\">Grilled goat cheese and onion compote<\/p>\n<p style=\"text-align: center;\">Gazpacho with basil <em>espuma<\/em> (culinary foam)<\/p>\n<p>&nbsp;<\/p>\n<p style=\"text-align: center;\"><strong><u>Dishes<\/u><\/strong><\/p>\n<p style=\"text-align: center;\">Chicken supreme on mashed potatoes with mushroom sauce<\/p>\n<p style=\"text-align: center;\">Simmental beef tenderloin, pepper sauce, saut\u00e9ed potatoes and grilled vegetables<\/p>\n<p style=\"text-align: center;\">Sliced duck breast, honey and Port Wine sauce, homemade mashed potatoes<\/p>\n<p style=\"text-align: center;\">Red mullet millefeuille with fresh vegetables<\/p>\n<p style=\"text-align: center;\">Cod-fish loin with white chive butter<\/p>\n<p style=\"text-align: center;\">Seafood casserole<\/p>\n<p>&nbsp;<\/p>\n<p style=\"text-align: center;\"><strong><u>Desserts<\/u><\/strong><\/p>\n<p style=\"text-align: center;\">Chocolate duo mousse<\/p>\n<p style=\"text-align: center;\">Cream puff and melted chocolate<\/p>\n<p style=\"text-align: center;\">Fresh fruit salad with mint<\/p>\n<p style=\"text-align: center;\">Mille-feuille with lemon and roasted almonds<\/p>\n<p style=\"text-align: center;\">Chocolate fondant with hazelnut pieces<\/p>\n<p style=\"text-align: center;\">Fresh pineapple tiramisu<\/p>\n<p style=\"text-align: center;\">Mixed berries verrine<\/p>\n<p style=\"text-align: center;\">Chef&#8217;s cr\u00e8me br\u00fbl\u00e9e<\/p>\n<p style=\"text-align: center;\">Lemon tart revisited<\/p>\n<p style=\"text-align: center;\"><span class=\"Y2IQFc\" lang=\"en\">Fruit salad <\/span><\/p>\n<p style=\"text-align: center;\"><span class=\"Y2IQFc\" lang=\"en\">Assortment of fresh fruits<\/span><\/p>\n<p style=\"text-align: center;\"><span class=\"Y2IQFc\" lang=\"en\">Plain or fruit yogurt<\/span><\/p>\n<p style=\"text-align: center;\"><span class=\"Y2IQFc\" lang=\"en\">Small cheese plate<\/span><\/p>\n[\/vc_column_text][vc_row_inner column_margin=&#8221;default&#8221; top_padding=&#8221;5%&#8221; text_align=&#8221;left&#8221;][vc_column_inner column_padding=&#8221;no-extra-padding&#8221; column_padding_position=&#8221;all&#8221; background_color_opacity=&#8221;1&#8243; background_hover_color_opacity=&#8221;1&#8243; column_shadow=&#8221;none&#8221; column_border_radius=&#8221;none&#8221; width=&#8221;1\/1&#8243; column_border_width=&#8221;none&#8221; column_border_style=&#8221;solid&#8221;][nectar_btn size=&#8221;medium&#8221; button_style=&#8221;see-through-2&#8243; color_override=&#8221;#ffffff&#8221; hover_color_override=&#8221;#8b1936&#8243; hover_text_color_override=&#8221;#ffffff&#8221; icon_family=&#8221;none&#8221; url=&#8221;https:\/\/bwrivi.novaresa.website\/#prestations&#8221; text=&#8221;BACK TO HOME PAGE&#8221; margin_right=&#8221;15&#8243;][nectar_btn size=&#8221;medium&#8221; button_style=&#8221;see-through-2&#8243; color_override=&#8221;#ffffff&#8221; hover_color_override=&#8221;#8b1936&#8243; hover_text_color_override=&#8221;#ffffff&#8221; icon_family=&#8221;none&#8221; url=&#8221;\/en\/restaurant-gallery\/&#8221; text=&#8221;VIEW OUR GALLERY&#8221; margin_right=&#8221;15&#8243;][\/vc_column_inner][\/vc_row_inner][\/vc_column][\/vc_row]\n","protected":false},"excerpt":{"rendered":"<p>[vc_row type=&#8221;full_width_background&#8221; full_screen_row_position=&#8221;middle&#8221; bg_image=&#8221;656&#8243; bg_position=&#8221;left top&#8221; bg_repeat=&#8221;no-repeat&#8221; scene_position=&#8221;center&#8221; text_color=&#8221;light&#8221; text_align=&#8221;left&#8221; top_padding=&#8221;100&#8243; bottom_padding=&#8221;100&#8243; color_overlay=&#8221;#0a0a0a&#8221; overlay_strength=&#8221;0.5&#8243; shape_divider_position=&#8221;bottom&#8221; exclude_row_header_color_inherit=&#8221;true&#8221; shape_type=&#8221;&#8221;][vc_column column_padding=&#8221;no-extra-padding&#8221; column_padding_position=&#8221;all&#8221; background_color_opacity=&#8221;1&#8243; background_hover_color_opacity=&#8221;1&#8243; column_shadow=&#8221;none&#8221; column_border_radius=&#8221;none&#8221; el_class=&#8221;rest_row_2&#8243; width=&#8221;1\/3&#8243; tablet_text_alignment=&#8221;default&#8221; phone_text_alignment=&#8221;default&#8221; column_border_width=&#8221;none&#8221; column_border_style=&#8221;solid&#8221;][image_with_animation image_url=&#8221;945&#8243;&#8230;<\/p>\n","protected":false},"author":1,"featured_media":0,"parent":751,"menu_order":0,"comment_status":"closed","ping_status":"closed","template":"","meta":{"footnotes":""},"class_list":["post-758","page","type-page","status-publish"],"yoast_head":"<!-- This site is optimized with the Yoast SEO plugin v27.2 - https:\/\/yoast.com\/product\/yoast-seo-wordpress\/ -->\n<title>Restaurant - Best Western Antibes Riviera<\/title>\n<meta name=\"robots\" content=\"index, follow, max-snippet:-1, max-image-preview:large, max-video-preview:-1\" \/>\n<link rel=\"canonical\" href=\"https:\/\/www.hotel-antibes-riviera.fr\/en\/bw-azur\/restaurant\/\" \/>\n<meta property=\"og:locale\" content=\"en_US\" \/>\n<meta property=\"og:type\" content=\"article\" \/>\n<meta property=\"og:title\" content=\"Restaurant - Best Western Antibes Riviera\" \/>\n<meta property=\"og:description\" content=\"[vc_row type=&#8221;full_width_background&#8221; full_screen_row_position=&#8221;middle&#8221; bg_image=&#8221;656&#8243; bg_position=&#8221;left top&#8221; bg_repeat=&#8221;no-repeat&#8221; scene_position=&#8221;center&#8221; text_color=&#8221;light&#8221; text_align=&#8221;left&#8221; top_padding=&#8221;100&#8243; bottom_padding=&#8221;100&#8243; color_overlay=&#8221;#0a0a0a&#8221; overlay_strength=&#8221;0.5&#8243; shape_divider_position=&#8221;bottom&#8221; exclude_row_header_color_inherit=&#8221;true&#8221; shape_type=&#8221;&#8221;][vc_column column_padding=&#8221;no-extra-padding&#8221; column_padding_position=&#8221;all&#8221; background_color_opacity=&#8221;1&#8243; background_hover_color_opacity=&#8221;1&#8243; column_shadow=&#8221;none&#8221; column_border_radius=&#8221;none&#8221; el_class=&#8221;rest_row_2&#8243; width=&#8221;1\/3&#8243; tablet_text_alignment=&#8221;default&#8221; phone_text_alignment=&#8221;default&#8221; column_border_width=&#8221;none&#8221; column_border_style=&#8221;solid&#8221;][image_with_animation image_url=&#8221;945&#8243;...\" \/>\n<meta property=\"og:url\" content=\"https:\/\/www.hotel-antibes-riviera.fr\/en\/bw-azur\/restaurant\/\" \/>\n<meta property=\"og:site_name\" content=\"Best Western Antibes Riviera\" \/>\n<meta property=\"article:modified_time\" content=\"2021-11-08T09:59:21+00:00\" \/>\n<meta name=\"twitter:card\" content=\"summary_large_image\" \/>\n<meta name=\"twitter:label1\" content=\"Est. reading time\" \/>\n\t<meta name=\"twitter:data1\" content=\"3 minutes\" \/>\n<script type=\"application\/ld+json\" class=\"yoast-schema-graph\">{\"@context\":\"https:\/\/schema.org\",\"@graph\":[{\"@type\":\"WebPage\",\"@id\":\"https:\/\/www.hotel-antibes-riviera.fr\/en\/bw-azur\/restaurant\/\",\"url\":\"https:\/\/www.hotel-antibes-riviera.fr\/en\/bw-azur\/restaurant\/\",\"name\":\"Restaurant - Best Western Antibes Riviera\",\"isPartOf\":{\"@id\":\"https:\/\/www.hotel-antibes-riviera.fr\/#website\"},\"datePublished\":\"2021-04-20T12:21:03+00:00\",\"dateModified\":\"2021-11-08T09:59:21+00:00\",\"breadcrumb\":{\"@id\":\"https:\/\/www.hotel-antibes-riviera.fr\/en\/bw-azur\/restaurant\/#breadcrumb\"},\"inLanguage\":\"en-US\",\"potentialAction\":[{\"@type\":\"ReadAction\",\"target\":[\"https:\/\/www.hotel-antibes-riviera.fr\/en\/bw-azur\/restaurant\/\"]}]},{\"@type\":\"BreadcrumbList\",\"@id\":\"https:\/\/www.hotel-antibes-riviera.fr\/en\/bw-azur\/restaurant\/#breadcrumb\",\"itemListElement\":[{\"@type\":\"ListItem\",\"position\":1,\"name\":\"Accueil\",\"item\":\"https:\/\/www.hotel-antibes-riviera.fr\/en\/bw-azur\/\"},{\"@type\":\"ListItem\",\"position\":2,\"name\":\"Best Western Plus Hy\u00e8res C\u00f4te d&rsquo;Azur\",\"item\":\"https:\/\/www.hotel-antibes-riviera.fr\/en\/bw-azur\/\"},{\"@type\":\"ListItem\",\"position\":3,\"name\":\"Restaurant\"}]},{\"@type\":\"WebSite\",\"@id\":\"https:\/\/www.hotel-antibes-riviera.fr\/#website\",\"url\":\"https:\/\/www.hotel-antibes-riviera.fr\/\",\"name\":\"Best Western Antibes Riviera\",\"description\":\"BEST WESTERN PLUS H\u00d4TEL ANTIBES RIVIERA ****\",\"potentialAction\":[{\"@type\":\"SearchAction\",\"target\":{\"@type\":\"EntryPoint\",\"urlTemplate\":\"https:\/\/www.hotel-antibes-riviera.fr\/?s={search_term_string}\"},\"query-input\":{\"@type\":\"PropertyValueSpecification\",\"valueRequired\":true,\"valueName\":\"search_term_string\"}}],\"inLanguage\":\"en-US\"}]}<\/script>\n<!-- \/ Yoast SEO plugin. -->","yoast_head_json":{"title":"Restaurant - Best Western Antibes Riviera","robots":{"index":"index","follow":"follow","max-snippet":"max-snippet:-1","max-image-preview":"max-image-preview:large","max-video-preview":"max-video-preview:-1"},"canonical":"https:\/\/www.hotel-antibes-riviera.fr\/en\/bw-azur\/restaurant\/","og_locale":"en_US","og_type":"article","og_title":"Restaurant - Best Western Antibes Riviera","og_description":"[vc_row type=&#8221;full_width_background&#8221; full_screen_row_position=&#8221;middle&#8221; bg_image=&#8221;656&#8243; bg_position=&#8221;left top&#8221; bg_repeat=&#8221;no-repeat&#8221; scene_position=&#8221;center&#8221; text_color=&#8221;light&#8221; text_align=&#8221;left&#8221; top_padding=&#8221;100&#8243; bottom_padding=&#8221;100&#8243; color_overlay=&#8221;#0a0a0a&#8221; overlay_strength=&#8221;0.5&#8243; shape_divider_position=&#8221;bottom&#8221; exclude_row_header_color_inherit=&#8221;true&#8221; shape_type=&#8221;&#8221;][vc_column column_padding=&#8221;no-extra-padding&#8221; column_padding_position=&#8221;all&#8221; background_color_opacity=&#8221;1&#8243; background_hover_color_opacity=&#8221;1&#8243; column_shadow=&#8221;none&#8221; column_border_radius=&#8221;none&#8221; el_class=&#8221;rest_row_2&#8243; width=&#8221;1\/3&#8243; tablet_text_alignment=&#8221;default&#8221; phone_text_alignment=&#8221;default&#8221; column_border_width=&#8221;none&#8221; column_border_style=&#8221;solid&#8221;][image_with_animation image_url=&#8221;945&#8243;...","og_url":"https:\/\/www.hotel-antibes-riviera.fr\/en\/bw-azur\/restaurant\/","og_site_name":"Best Western Antibes Riviera","article_modified_time":"2021-11-08T09:59:21+00:00","twitter_card":"summary_large_image","twitter_misc":{"Est. reading time":"3 minutes"},"schema":{"@context":"https:\/\/schema.org","@graph":[{"@type":"WebPage","@id":"https:\/\/www.hotel-antibes-riviera.fr\/en\/bw-azur\/restaurant\/","url":"https:\/\/www.hotel-antibes-riviera.fr\/en\/bw-azur\/restaurant\/","name":"Restaurant - Best Western Antibes Riviera","isPartOf":{"@id":"https:\/\/www.hotel-antibes-riviera.fr\/#website"},"datePublished":"2021-04-20T12:21:03+00:00","dateModified":"2021-11-08T09:59:21+00:00","breadcrumb":{"@id":"https:\/\/www.hotel-antibes-riviera.fr\/en\/bw-azur\/restaurant\/#breadcrumb"},"inLanguage":"en-US","potentialAction":[{"@type":"ReadAction","target":["https:\/\/www.hotel-antibes-riviera.fr\/en\/bw-azur\/restaurant\/"]}]},{"@type":"BreadcrumbList","@id":"https:\/\/www.hotel-antibes-riviera.fr\/en\/bw-azur\/restaurant\/#breadcrumb","itemListElement":[{"@type":"ListItem","position":1,"name":"Accueil","item":"https:\/\/www.hotel-antibes-riviera.fr\/en\/bw-azur\/"},{"@type":"ListItem","position":2,"name":"Best Western Plus Hy\u00e8res C\u00f4te d&rsquo;Azur","item":"https:\/\/www.hotel-antibes-riviera.fr\/en\/bw-azur\/"},{"@type":"ListItem","position":3,"name":"Restaurant"}]},{"@type":"WebSite","@id":"https:\/\/www.hotel-antibes-riviera.fr\/#website","url":"https:\/\/www.hotel-antibes-riviera.fr\/","name":"Best Western Antibes Riviera","description":"BEST WESTERN PLUS H\u00d4TEL ANTIBES RIVIERA ****","potentialAction":[{"@type":"SearchAction","target":{"@type":"EntryPoint","urlTemplate":"https:\/\/www.hotel-antibes-riviera.fr\/?s={search_term_string}"},"query-input":{"@type":"PropertyValueSpecification","valueRequired":true,"valueName":"search_term_string"}}],"inLanguage":"en-US"}]}},"_links":{"self":[{"href":"https:\/\/www.hotel-antibes-riviera.fr\/en\/wp-json\/wp\/v2\/pages\/758","targetHints":{"allow":["GET"]}}],"collection":[{"href":"https:\/\/www.hotel-antibes-riviera.fr\/en\/wp-json\/wp\/v2\/pages"}],"about":[{"href":"https:\/\/www.hotel-antibes-riviera.fr\/en\/wp-json\/wp\/v2\/types\/page"}],"author":[{"embeddable":true,"href":"https:\/\/www.hotel-antibes-riviera.fr\/en\/wp-json\/wp\/v2\/users\/1"}],"replies":[{"embeddable":true,"href":"https:\/\/www.hotel-antibes-riviera.fr\/en\/wp-json\/wp\/v2\/comments?post=758"}],"version-history":[{"count":11,"href":"https:\/\/www.hotel-antibes-riviera.fr\/en\/wp-json\/wp\/v2\/pages\/758\/revisions"}],"predecessor-version":[{"id":1042,"href":"https:\/\/www.hotel-antibes-riviera.fr\/en\/wp-json\/wp\/v2\/pages\/758\/revisions\/1042"}],"up":[{"embeddable":true,"href":"https:\/\/www.hotel-antibes-riviera.fr\/en\/wp-json\/wp\/v2\/pages\/751"}],"wp:attachment":[{"href":"https:\/\/www.hotel-antibes-riviera.fr\/en\/wp-json\/wp\/v2\/media?parent=758"}],"curies":[{"name":"wp","href":"https:\/\/api.w.org\/{rel}","templated":true}]}}